{"id":688,"date":"2020-11-12T09:53:42","date_gmt":"2020-11-12T09:53:42","guid":{"rendered":"http:\/\/george-studios.gr\/location\/"},"modified":"2021-07-04T12:54:42","modified_gmt":"2021-07-04T12:54:42","slug":"location","status":"publish","type":"page","link":"https:\/\/george-studios.gr\/it\/location\/","title":{"rendered":"Localizzazione"},"content":{"rendered":"\n<style>.wp-block-gutenbee-heading.block-3ebe90-99 { margin-top: 50px; text-align: center; }<\/style><h2 id=\"block-3ebe90-99\" class=\"wp-block-gutenbee-heading block-3ebe90-99\">Una Localizzazione Ideale a Geni, Nydri Lefkada<\/h2>\n\n\n\n<div id=\"block-0cdf2c-9663-45\" class=\"wp-block-gutenbee-image block-0cdf2c-9663-45\"><figure class=\"aligncenter\"><img decoding=\"async\" src=\"https:\/\/www.cssigniter.com\/demos\/aegean-city\/wp-content\/uploads\/sites\/5\/2020\/11\/divider.svg\" alt=\"\" class=\"wp-image-86\"\/><\/figure><\/div>\n\n\n\n<p>Geni \u00e8 sia villaggio che baia, sul lato est dell&#8217;isola di Nydri Lefkada. La penisola racchiude la grande baia e crea un porto panoramico sempre pieno di molti yacht. Il terreno lontano dal mare \u00e8 occupato da alte colline ricoperte da alberi e da una fitta vegetazione.<\/p>\n\n\n\n<p>Geni \u00e8 considerato il quartiere pi\u00f9 lussuoso di Nydri perch\u00e9 pi\u00f9 tranquillo e meno urbanizzato. Gli alloggi in riva al mare hanno punti di ormeggio e accesso a rampe per barche. Le taverne sono anche a ridosso del mare e con tavolini anche sui piccoli moli. Alcuni visitatori vengono in barca o in barca con l&#8217;unico scopo di navigare per l&#8217;intera vacanza.<\/p>\n\n\n\n<p>La zona verso la baia di Vlicho non ha spiagge e ci sono anche molte barche quindi la gente va altrove a nuotare. Il luogo pi\u00f9 adatto per il nuoto \u00e8 Desimi Beach, alla base della penisola. Desimi \u00e8 ricoperta di sabbia grossa mista a ciottoli e ha acqua cristallina. Anche la spiaggia di Laca \u00e8 popolare, ma \u00e8 raggiungibile solo in barca.<\/p>\n\n\n\n<p>Il villaggio di Vlicho si trova sul lato ovest della baia e di fronte a Geni. Il villaggio \u00e8 una linea di 2km di case, negozi, taverne. Il villaggio di Nydri \u00e8 situato contro la parte superiore della penisola di Geni ed \u00e8 anche il villaggio pi\u00f9 grande in quella parte di Lefkada. Nydri \u00e8 un centro per le escursioni in barca, il noleggio di yacht, l&#8217;intrattenimento e le attivit\u00e0 commerciali di vario genere.<\/p>\n\n\n\n<figure class=\"wp-block-gallery columns-3 is-cropped is-style-default wp-block-gallery-1 is-layout-flex wp-block-gallery-is-layout-flex\"><ul class=\"blocks-gallery-grid\"><li class=\"blocks-gallery-item\"><figure><a href=\"http:\/\/george-studios.gr\/wp-content\/uploads\/2021\/06\/2-b.jpg\" data-lightbox=\"gal[688]\"><img loading=\"lazy\" decoding=\"async\" width=\"1024\" height=\"683\" src=\"http:\/\/george-studios.gr\/wp-content\/uploads\/2021\/06\/2-b-1024x683.jpg\" alt=\"\" data-id=\"218\" data-full-url=\"http:\/\/george-studios.gr\/wp-content\/uploads\/2021\/06\/2-b.jpg\" data-link=\"http:\/\/george-studios.gr\/home\/2-b\/\" class=\"wp-image-218\" srcset=\"https:\/\/george-studios.gr\/wp-content\/uploads\/2021\/06\/2-b-1024x683.jpg 1024w, https:\/\/george-studios.gr\/wp-content\/uploads\/2021\/06\/2-b-300x200.jpg 300w, https:\/\/george-studios.gr\/wp-content\/uploads\/2021\/06\/2-b-768x512.jpg 768w, https:\/\/george-studios.gr\/wp-content\/uploads\/2021\/06\/2-b-870x580.jpg 870w, https:\/\/george-studios.gr\/wp-content\/uploads\/2021\/06\/2-b-615x410.jpg 615w, https:\/\/george-studios.gr\/wp-content\/uploads\/2021\/06\/2-b-1170x780.jpg 1170w, https:\/\/george-studios.gr\/wp-content\/uploads\/2021\/06\/2-b.jpg 1200w\" sizes=\"auto, (max-width: 1024px) 100vw, 1024px\" \/><\/a><\/figure><\/li><li class=\"blocks-gallery-item\"><figure><a href=\"http:\/\/george-studios.gr\/wp-content\/uploads\/2021\/06\/8b.jpg\" data-lightbox=\"gal[688]\"><img loading=\"lazy\" decoding=\"async\" width=\"1024\" height=\"683\" src=\"http:\/\/george-studios.gr\/wp-content\/uploads\/2021\/06\/8b-1024x683.jpg\" alt=\"\" data-id=\"220\" data-full-url=\"http:\/\/george-studios.gr\/wp-content\/uploads\/2021\/06\/8b.jpg\" data-link=\"http:\/\/george-studios.gr\/home\/8b\/\" class=\"wp-image-220\" srcset=\"https:\/\/george-studios.gr\/wp-content\/uploads\/2021\/06\/8b-1024x683.jpg 1024w, https:\/\/george-studios.gr\/wp-content\/uploads\/2021\/06\/8b-300x200.jpg 300w, https:\/\/george-studios.gr\/wp-content\/uploads\/2021\/06\/8b-768x512.jpg 768w, https:\/\/george-studios.gr\/wp-content\/uploads\/2021\/06\/8b-870x580.jpg 870w, https:\/\/george-studios.gr\/wp-content\/uploads\/2021\/06\/8b-615x410.jpg 615w, https:\/\/george-studios.gr\/wp-content\/uploads\/2021\/06\/8b-1170x780.jpg 1170w, https:\/\/george-studios.gr\/wp-content\/uploads\/2021\/06\/8b.jpg 1200w\" sizes=\"auto, (max-width: 1024px) 100vw, 1024px\" \/><\/a><\/figure><\/li><li class=\"blocks-gallery-item\"><figure><a href=\"http:\/\/george-studios.gr\/wp-content\/uploads\/2021\/06\/12.jpg\" data-lightbox=\"gal[688]\"><img loading=\"lazy\" decoding=\"async\" width=\"1024\" height=\"683\" src=\"http:\/\/george-studios.gr\/wp-content\/uploads\/2021\/06\/12-1024x683.jpg\" alt=\"\" data-id=\"214\" data-full-url=\"http:\/\/george-studios.gr\/wp-content\/uploads\/2021\/06\/12.jpg\" data-link=\"http:\/\/george-studios.gr\/home\/attachment\/12\/\" class=\"wp-image-214\" srcset=\"https:\/\/george-studios.gr\/wp-content\/uploads\/2021\/06\/12-1024x683.jpg 1024w, https:\/\/george-studios.gr\/wp-content\/uploads\/2021\/06\/12-300x200.jpg 300w, https:\/\/george-studios.gr\/wp-content\/uploads\/2021\/06\/12-768x512.jpg 768w, https:\/\/george-studios.gr\/wp-content\/uploads\/2021\/06\/12-870x580.jpg 870w, https:\/\/george-studios.gr\/wp-content\/uploads\/2021\/06\/12-615x410.jpg 615w, https:\/\/george-studios.gr\/wp-content\/uploads\/2021\/06\/12-1170x780.jpg 1170w, https:\/\/george-studios.gr\/wp-content\/uploads\/2021\/06\/12.jpg 1200w\" sizes=\"auto, (max-width: 1024px) 100vw, 1024px\" \/><\/a><\/figure><\/li><li class=\"blocks-gallery-item\"><figure><a href=\"http:\/\/george-studios.gr\/wp-content\/uploads\/2021\/06\/10.jpg\" data-lightbox=\"gal[688]\"><img loading=\"lazy\" decoding=\"async\" width=\"1024\" height=\"683\" src=\"http:\/\/george-studios.gr\/wp-content\/uploads\/2021\/06\/10-1024x683.jpg\" alt=\"\" data-id=\"211\" data-full-url=\"http:\/\/george-studios.gr\/wp-content\/uploads\/2021\/06\/10.jpg\" data-link=\"http:\/\/george-studios.gr\/home\/attachment\/10\/\" class=\"wp-image-211\" srcset=\"https:\/\/george-studios.gr\/wp-content\/uploads\/2021\/06\/10-1024x683.jpg 1024w, https:\/\/george-studios.gr\/wp-content\/uploads\/2021\/06\/10-300x200.jpg 300w, https:\/\/george-studios.gr\/wp-content\/uploads\/2021\/06\/10-768x512.jpg 768w, https:\/\/george-studios.gr\/wp-content\/uploads\/2021\/06\/10-870x580.jpg 870w, https:\/\/george-studios.gr\/wp-content\/uploads\/2021\/06\/10-615x410.jpg 615w, https:\/\/george-studios.gr\/wp-content\/uploads\/2021\/06\/10-1170x780.jpg 1170w, https:\/\/george-studios.gr\/wp-content\/uploads\/2021\/06\/10.jpg 1200w\" sizes=\"auto, (max-width: 1024px) 100vw, 1024px\" \/><\/a><\/figure><\/li><li class=\"blocks-gallery-item\"><figure><a href=\"http:\/\/george-studios.gr\/wp-content\/uploads\/2021\/06\/kolpos-vlychou.jpg\" data-lightbox=\"gal[688]\"><img loading=\"lazy\" decoding=\"async\" width=\"1024\" height=\"679\" src=\"http:\/\/george-studios.gr\/wp-content\/uploads\/2021\/06\/kolpos-vlychou-1024x679.jpg\" alt=\"\" data-id=\"235\" data-full-url=\"http:\/\/george-studios.gr\/wp-content\/uploads\/2021\/06\/kolpos-vlychou.jpg\" data-link=\"http:\/\/george-studios.gr\/home\/kolpos-vlychou\/\" class=\"wp-image-235\" srcset=\"https:\/\/george-studios.gr\/wp-content\/uploads\/2021\/06\/kolpos-vlychou-1024x679.jpg 1024w, https:\/\/george-studios.gr\/wp-content\/uploads\/2021\/06\/kolpos-vlychou-300x199.jpg 300w, https:\/\/george-studios.gr\/wp-content\/uploads\/2021\/06\/kolpos-vlychou-768x509.jpg 768w, https:\/\/george-studios.gr\/wp-content\/uploads\/2021\/06\/kolpos-vlychou.jpg 1440w\" sizes=\"auto, (max-width: 1024px) 100vw, 1024px\" \/><\/a><\/figure><\/li><\/ul><\/figure>\n","protected":false},"excerpt":{"rendered":"<p>Geni \u00e8 sia villaggio che baia, sul lato est dell&#8217;isola di Nydri Lefkada. La penisola racchiude la grande baia e crea un porto panoramico sempre [&hellip;]<\/p>\n","protected":false},"author":1,"featured_media":552,"parent":0,"menu_order":0,"comment_status":"closed","ping_status":"closed","template":"templates\/template-fullwidth-narrow.php","meta":{"footnotes":""},"class_list":["post-688","page","type-page","status-publish","has-post-thumbnail","hentry"],"yoast_head":"<!-- This site is optimized with the Yoast SEO plugin v19.4 - https:\/\/yoast.com\/wordpress\/plugins\/seo\/ -->\n<title>Localizzazione - George Studios &amp; Apartments | Geni Nydri Lefkada<\/title>\n<meta name=\"robots\" content=\"index, follow, max-snippet:-1, max-image-preview:large, max-video-preview:-1\" \/>\n<link rel=\"canonical\" href=\"https:\/\/george-studios.gr\/it\/location\/\" \/>\n<meta property=\"og:locale\" content=\"it_IT\" \/>\n<meta property=\"og:type\" content=\"article\" \/>\n<meta property=\"og:title\" content=\"Localizzazione - George Studios &amp; Apartments | Geni Nydri Lefkada\" \/>\n<meta property=\"og:description\" content=\"Geni \u00e8 sia villaggio che baia, sul lato est dell&#8217;isola di Nydri Lefkada. La penisola racchiude la grande baia e crea un porto panoramico sempre [&hellip;]\" \/>\n<meta property=\"og:url\" content=\"https:\/\/george-studios.gr\/it\/location\/\" \/>\n<meta property=\"og:site_name\" content=\"George Studios &amp; Apartments | Geni Nydri Lefkada\" \/>\n<meta property=\"article:modified_time\" content=\"2021-07-04T12:54:42+00:00\" \/>\n<meta property=\"og:image\" content=\"https:\/\/www.cssigniter.com\/demos\/aegean-city\/wp-content\/uploads\/sites\/5\/2020\/11\/divider.svg\" \/>\n<meta name=\"twitter:card\" content=\"summary_large_image\" \/>\n<meta name=\"twitter:label1\" content=\"Tempo di lettura stimato\" \/>\n\t<meta name=\"twitter:data1\" content=\"3 minuti\" \/>\n<script type=\"application\/ld+json\" class=\"yoast-schema-graph\">{\"@context\":\"https:\/\/schema.org\",\"@graph\":[{\"@type\":\"Organization\",\"@id\":\"https:\/\/george-studios.gr\/#organization\",\"name\":\"George Studios &amp; Apartments | Geni Nydri Lefkada\",\"url\":\"https:\/\/george-studios.gr\/\",\"sameAs\":[],\"logo\":{\"@type\":\"ImageObject\",\"inLanguage\":\"it-IT\",\"@id\":\"https:\/\/george-studios.gr\/#\/schema\/logo\/image\/\",\"url\":\"https:\/\/george-studios.gr\/wp-content\/uploads\/2021\/06\/George-Studios-logo-3-100.png\",\"contentUrl\":\"https:\/\/george-studios.gr\/wp-content\/uploads\/2021\/06\/George-Studios-logo-3-100.png\",\"width\":118,\"height\":100,\"caption\":\"George Studios &amp; Apartments | Geni Nydri Lefkada\"},\"image\":{\"@id\":\"https:\/\/george-studios.gr\/#\/schema\/logo\/image\/\"}},{\"@type\":\"WebSite\",\"@id\":\"https:\/\/george-studios.gr\/#website\",\"url\":\"https:\/\/george-studios.gr\/\",\"name\":\"George Studios &amp; Apartments | Geni Nydri Lefkada\",\"description\":\"George Studios &amp; Apartments | Geni Nydri Lefkada\",\"publisher\":{\"@id\":\"https:\/\/george-studios.gr\/#organization\"},\"potentialAction\":[{\"@type\":\"SearchAction\",\"target\":{\"@type\":\"EntryPoint\",\"urlTemplate\":\"https:\/\/george-studios.gr\/?s={search_term_string}\"},\"query-input\":\"required name=search_term_string\"}],\"inLanguage\":\"it-IT\"},{\"@type\":\"WebPage\",\"@id\":\"https:\/\/george-studios.gr\/it\/location\/\",\"url\":\"https:\/\/george-studios.gr\/it\/location\/\",\"name\":\"Localizzazione - George Studios &amp; Apartments | Geni Nydri Lefkada\",\"isPartOf\":{\"@id\":\"https:\/\/george-studios.gr\/#website\"},\"datePublished\":\"2020-11-12T09:53:42+00:00\",\"dateModified\":\"2021-07-04T12:54:42+00:00\",\"breadcrumb\":{\"@id\":\"https:\/\/george-studios.gr\/it\/location\/#breadcrumb\"},\"inLanguage\":\"it-IT\",\"potentialAction\":[{\"@type\":\"ReadAction\",\"target\":[\"https:\/\/george-studios.gr\/it\/location\/\"]}]},{\"@type\":\"BreadcrumbList\",\"@id\":\"https:\/\/george-studios.gr\/it\/location\/#breadcrumb\",\"itemListElement\":[{\"@type\":\"ListItem\",\"position\":1,\"name\":\"Home\",\"item\":\"https:\/\/george-studios.gr\/it\/\"},{\"@type\":\"ListItem\",\"position\":2,\"name\":\"Localizzazione\"}]}]}<\/script>\n<!-- \/ Yoast SEO plugin. -->","yoast_head_json":{"title":"Localizzazione - George Studios &amp; Apartments | Geni Nydri Lefkada","robots":{"index":"index","follow":"follow","max-snippet":"max-snippet:-1","max-image-preview":"max-image-preview:large","max-video-preview":"max-video-preview:-1"},"canonical":"https:\/\/george-studios.gr\/it\/location\/","og_locale":"it_IT","og_type":"article","og_title":"Localizzazione - George Studios &amp; Apartments | Geni Nydri Lefkada","og_description":"Geni \u00e8 sia villaggio che baia, sul lato est dell&#8217;isola di Nydri Lefkada. La penisola racchiude la grande baia e crea un porto panoramico sempre [&hellip;]","og_url":"https:\/\/george-studios.gr\/it\/location\/","og_site_name":"George Studios &amp; Apartments | Geni Nydri Lefkada","article_modified_time":"2021-07-04T12:54:42+00:00","og_image":[{"url":"https:\/\/www.cssigniter.com\/demos\/aegean-city\/wp-content\/uploads\/sites\/5\/2020\/11\/divider.svg"}],"twitter_card":"summary_large_image","twitter_misc":{"Tempo di lettura stimato":"3 minuti"},"schema":{"@context":"https:\/\/schema.org","@graph":[{"@type":"Organization","@id":"https:\/\/george-studios.gr\/#organization","name":"George Studios &amp; Apartments | Geni Nydri Lefkada","url":"https:\/\/george-studios.gr\/","sameAs":[],"logo":{"@type":"ImageObject","inLanguage":"it-IT","@id":"https:\/\/george-studios.gr\/#\/schema\/logo\/image\/","url":"https:\/\/george-studios.gr\/wp-content\/uploads\/2021\/06\/George-Studios-logo-3-100.png","contentUrl":"https:\/\/george-studios.gr\/wp-content\/uploads\/2021\/06\/George-Studios-logo-3-100.png","width":118,"height":100,"caption":"George Studios &amp; Apartments | Geni Nydri Lefkada"},"image":{"@id":"https:\/\/george-studios.gr\/#\/schema\/logo\/image\/"}},{"@type":"WebSite","@id":"https:\/\/george-studios.gr\/#website","url":"https:\/\/george-studios.gr\/","name":"George Studios &amp; Apartments | Geni Nydri Lefkada","description":"George Studios &amp; Apartments | Geni Nydri Lefkada","publisher":{"@id":"https:\/\/george-studios.gr\/#organization"},"potentialAction":[{"@type":"SearchAction","target":{"@type":"EntryPoint","urlTemplate":"https:\/\/george-studios.gr\/?s={search_term_string}"},"query-input":"required name=search_term_string"}],"inLanguage":"it-IT"},{"@type":"WebPage","@id":"https:\/\/george-studios.gr\/it\/location\/","url":"https:\/\/george-studios.gr\/it\/location\/","name":"Localizzazione - George Studios &amp; Apartments | Geni Nydri Lefkada","isPartOf":{"@id":"https:\/\/george-studios.gr\/#website"},"datePublished":"2020-11-12T09:53:42+00:00","dateModified":"2021-07-04T12:54:42+00:00","breadcrumb":{"@id":"https:\/\/george-studios.gr\/it\/location\/#breadcrumb"},"inLanguage":"it-IT","potentialAction":[{"@type":"ReadAction","target":["https:\/\/george-studios.gr\/it\/location\/"]}]},{"@type":"BreadcrumbList","@id":"https:\/\/george-studios.gr\/it\/location\/#breadcrumb","itemListElement":[{"@type":"ListItem","position":1,"name":"Home","item":"https:\/\/george-studios.gr\/it\/"},{"@type":"ListItem","position":2,"name":"Localizzazione"}]}]}},"_links":{"self":[{"href":"https:\/\/george-studios.gr\/it\/wp-json\/wp\/v2\/pages\/688","targetHints":{"allow":["GET"]}}],"collection":[{"href":"https:\/\/george-studios.gr\/it\/wp-json\/wp\/v2\/pages"}],"about":[{"href":"https:\/\/george-studios.gr\/it\/wp-json\/wp\/v2\/types\/page"}],"author":[{"embeddable":true,"href":"https:\/\/george-studios.gr\/it\/wp-json\/wp\/v2\/users\/1"}],"replies":[{"embeddable":true,"href":"https:\/\/george-studios.gr\/it\/wp-json\/wp\/v2\/comments?post=688"}],"version-history":[{"count":3,"href":"https:\/\/george-studios.gr\/it\/wp-json\/wp\/v2\/pages\/688\/revisions"}],"predecessor-version":[{"id":806,"href":"https:\/\/george-studios.gr\/it\/wp-json\/wp\/v2\/pages\/688\/revisions\/806"}],"wp:featuredmedia":[{"embeddable":true,"href":"https:\/\/george-studios.gr\/it\/wp-json\/wp\/v2\/media\/552"}],"wp:attachment":[{"href":"https:\/\/george-studios.gr\/it\/wp-json\/wp\/v2\/media?parent=688"}],"curies":[{"name":"wp","href":"https:\/\/api.w.org\/{rel}","templated":true}]}}